{"id":544,"date":"2014-07-12T20:13:55","date_gmt":"2014-07-12T14:43:55","guid":{"rendered":"http:\/\/localhost\/wordpress\/?page_id=544"},"modified":"2020-03-31T22:38:40","modified_gmt":"2020-03-31T22:38:40","slug":"home-biz-1","status":"publish","type":"page","link":"https:\/\/invanto.pl\/","title":{"rendered":"Home"},"content":{"rendered":"<p>[vc_row fullwidth_row=&#8221;yes&#8221;][vc_column][rev_slider_vc alias=&#8221;home-biz&#8221;][\/vc_column][\/vc_row][vc_row gap=&#8221;30&#8243; css=&#8221;.vc_custom_1454823233366{padding-top: 40px !important;padding-bottom: 15px !important;}&#8221;][vc_column][vc_column_text]<\/p>\n<h1 style=\"text-align: center;\">Zapraszamy do wsp\u00f3\u0142pracy!<\/h1>\n<p>[\/vc_column_text][vc_row_inner][vc_column_inner width=&#8221;1\/3&#8243;]<div class='feature-icon wpb_custom_element' ><div class='feature-icon-top '><div class=\"feature-icon-wrapper-outer\"><i class=\"icon-others-browser\"  style=\"color: #00a5ce;\"><\/i><\/div><div class='feature-icon-desc'><h5>Analityka i dokumentacja<\/h5>Najwy\u017cszy poziom naszych us\u0142ug uzyskujemy wykonuj\u0105c badania i opracowania z pasj\u0105, wsp\u00f3\u0142pracuj\u0105c z najlepszymi o\u015brodkami<br \/>\nw Polsce i za granic\u0105.<\/div><\/div><\/div>[\/vc_column_inner][vc_column_inner width=&#8221;1\/3&#8243;]<div class='feature-icon wpb_custom_element' ><div class='feature-icon-top '><div class=\"feature-icon-wrapper-outer\"><i class=\"icon-others-ribbon\"  style=\"color: #ce3f00;\"><\/i><\/div><div class='feature-icon-desc'><h5>Kontrola jako\u015bci<\/h5>Nasze badania to nie tylko wynik &#8211; to ca\u0142o\u015bciowe wsparcie dla naszych klient\u00f3w, zar\u00f3wno na etapie wdro\u017ceniowym jak i w procesie produkcji i zwalniania kolejnych partii produktu.<\/div><\/div><\/div>[\/vc_column_inner][vc_column_inner width=&#8221;1\/3&#8243;]<div class='feature-icon wpb_custom_element' ><div class='feature-icon-top '><div class=\"feature-icon-wrapper-outer\"><i class=\"icon-others-line-lightbulb\"  style=\"color: #0061ce;\"><\/i><\/div><div class='feature-icon-desc'><h5>R&amp;D<\/h5>Opracowujemy i wdra\u017camy najbardziej wymagaj\u0105ce procedury badawcze oraz innowacyjne formulacje<br \/>\ndla bran\u017cy kosmetycznej, weterynaryjnej<br \/>\ni o\u015brodk\u00f3w badawczych.<\/div><\/div><\/div>[\/vc_column_inner][\/vc_row_inner][vc_column_text css=&#8221;.vc_custom_1585688754435{margin-top: 40px !important;}&#8221;]<\/p>\n<p style=\"text-align: center;\"><a class=\"mybtn mybtn-big mybtn-green\" target=\"_blank\"  href=\"http:\/\/invanto.pl\/?page_id=1055\"><span class=\"btn-icon\"><i class=\"icon-settings-streamline-2\"><\/i><\/span>Nasze us\u0142ugi<\/a>\n<p>[\/vc_column_text][\/vc_column][\/vc_row][vc_row full_width=&#8221;stretch_row&#8221; gap=&#8221;30&#8243; content_placement=&#8221;top&#8221; css=&#8221;.vc_custom_1585694148619{padding-top: 15px !important;padding-bottom: 15px !important;background-color: #f4f4f4 !important;}&#8221; fullwidth_row=&#8221;yes&#8221;][vc_column width=&#8221;1\/2&#8243;][vc_single_image image=&#8221;3834&#8243; img_size=&#8221;650&#215;533&#8243; alignment=&#8221;center&#8221; style=&#8221;vc_box_shadow_3d&#8221;][\/vc_column][vc_column width=&#8221;1\/2&#8243;][vc_column_text]<span style=\" font-size: 24px; line-height: 34px; color: #060606;\"><span style=\"font-size: 24px;\">Tworzymy pe\u0142n\u0105 dokumentacj\u0119 badawcz\u0105, technologiczn\u0105 i zwi\u0105zan\u0105 z bezpiecze\u0144stwem stosowania produkt\u00f3w kosmetycznych, detergentowych i biob\u00f3jczych.<\/span><\/span>[\/vc_column_text][vc_tta_accordion c_icon=&#8221;triangle&#8221; active_section=&#8221;1&#8243; theme_tab=&#8221;yes&#8221;][vc_tta_section title=&#8221;Raporty bezpiecze\u0144stwa produktu kosmetycznego (CPSR)&#8221; tab_id=&#8221;1454790086238-24c7f129-27ed&#8221;][vc_column_text]Nasi specjali\u015bci opracuj\u0105 dla Pa\u0144stwa raporty i pomog\u0105 w skompletowaniu niezb\u0119dnej dokumentacji, zgodnie z Rozporz\u0105dzeniem (WE) nr 1223\/2009.[\/vc_column_text][\/vc_tta_section][vc_tta_section title=&#8221;Karty charakterystki (MSDS), wykazy sk\u0142adnik\u00f3w&#8221; tab_id=&#8221;1585693108262-7ca29c73-6527&#8243;][vc_column_text]Opracowujemy niezb\u0119dn\u0105 dokumentacj\u0119 produkt\u00f3w oraz surowc\u00f3w..[\/vc_column_text][\/vc_tta_section][vc_tta_section title=&#8221;Wdra\u017canie systemu zapewnienia jako\u015bci ISO 22716:2009&#8243; tab_id=&#8221;1454790086334-8ff38d4b-374c&#8221;][vc_column_text]Wspieramy firmy z bran\u017cy kosmetycznej w procesie wdra\u017cania systemu zarz\u0105dzania jako\u015bci\u0105, zgodnym z&nbsp;Dobrymi Praktykami Produkcji (GMP).[\/vc_column_text][\/vc_tta_section][vc_tta_section title=&#8221;Doradztwo prawno-legislacyjne&#8221; tab_id=&#8221;1454790291011-18cbcb1c-1e0f&#8221;][vc_column_text]Pomagamy podmiotom z sektora kosmetycznego, we w\u0142a\u015bciwym funkcjonowaniu w \u015brodowisku regulacyjnym, u\u0142atwiaj\u0105c rozwi\u0105zywanie codziennych problem\u00f3w natury formalno-prawnej.[\/vc_column_text][\/vc_tta_section][\/vc_tta_accordion][\/vc_column][\/vc_row][vc_row full_width=&#8221;stretch_row&#8221; equal_height=&#8221;yes&#8221; css=&#8221;.vc_custom_1552214498592{margin-right: 0px !important;margin-left: 0px !important;background-image: url(http:\/\/invanto.pl\/wp-content\/uploads\/2019\/03\/ofer1920x350.png?id=3826) !important;background-position: center !important;background-repeat: no-repeat !important;background-size: cover !important;}&#8221; fullwidth_row=&#8221;yes&#8221;][vc_column width=&#8221;1\/2&#8243; css=&#8221;.vc_custom_1454823774564{padding-top: 30px !important;padding-right: 60px !important;padding-bottom: 30px !important;padding-left: 60px !important;background-color: rgba(206,0,39,0.9) !important;*background-color: rgb(206,0,39) !important;}&#8221;]<div class='box wpb_custom_element clearfix' style=\"background-color: rgba(255,255,255,0.01);\"><\/p>\n<h4><span style=\" color: #ffffff;\">Oferujemy kompleksow\u0105 obs\u0142ug\u0119 w zakresie bada\u0144, rozwoju i wdro\u017ce\u0144.<\/span><\/h4>\n<p><\/div>[\/vc_column][vc_column width=&#8221;1\/2&#8243;][\/vc_column][\/vc_row][vc_row full_width=&#8221;stretch_row&#8221; css=&#8221;.vc_custom_1454824065897{padding-top: 25px !important;padding-bottom: 30px !important;background-image: url(http:\/\/wordpress.tanshcreative.com\/quezal\/wp-content\/uploads\/geometry2.png?id=60) !important;}&#8221; fullwidth_row=&#8221;yes&#8221;][vc_column][vc_column_text]<\/p>\n<h2 style=\"text-align: center;\">To proste!<\/h2>\n<p style=\"text-align: center;\">\u015awiadcz\u0105c us\u0142ugi na najwy\u017cszym poziomie, wspieramy i u\u0142atwiamy dzia\u0142alno\u015b\u0107 naszych Klient\u00f3w.<\/p>\n<p>[\/vc_column_text][rev_slider_vc alias=&#8221;the-process&#8221;][vc_column_text css=&#8221;.vc_custom_1454824103640{padding-top: 10px !important;}&#8221;]<\/p>\n<p style=\"text-align: center;\"><span style=\" font-size: 18px;\">Kontroluj i optymalizuj procesy w swojej organizacji.<\/span><span class=\"spacer-wide\" style=\"width: 10px;\"><\/span><a class=\"mybtn mybtn-green\" target=\"_blank\"  href=\"http:\/\/invanto.pl\/?page_id=21\">Skontaktuj si\u0119 z nami<\/a>\n<p>[\/vc_column_text][\/vc_column][\/vc_row][vc_row gap=&#8221;30&#8243; css=&#8221;.vc_custom_1454824296421{padding-top: 10px !important;padding-bottom: 45px !important;}&#8221;][\/vc_row][vc_column width=&#8221;1\/2&#8243;][\/vc_column][vc_column_text][\/vc_column_text]<\/p>\n","protected":false},"excerpt":{"rendered":"<p>[vc_row fullwidth_row=&#8221;yes&#8221;][vc_column][rev_slider_vc alias=&#8221;home-biz&#8221;][\/vc_column][\/vc_row][vc_row gap=&#8221;30&#8243; css=&#8221;.vc_custom_1454823233366{padding-top: 40px !important;padding-bottom: 15px !important;}&#8221;][vc_column][vc_column_text] Zapraszamy do wsp\u00f3\u0142pracy! [\/vc_column_text][vc_row_inner][vc_column_inner width=&#8221;1\/3&#8243;][\/vc_column_inner][vc_column_inner width=&#8221;1\/3&#8243;][\/vc_column_inner][vc_column_inner width=&#8221;1\/3&#8243;][\/vc_column_inner][\/vc_row_inner][vc_column_text css=&#8221;.vc_custom_1585688754435{margin-top: 40px !important;}&#8221;] [\/vc_column_text][\/vc_column][\/vc_row][vc_row full_width=&#8221;stretch_row&#8221; gap=&#8221;30&#8243; content_placement=&#8221;top&#8221; css=&#8221;.vc_custom_1585694148619{padding-top: 15px !important;padding-bottom: 15px !important;background-color: #f4f4f4 !important;}&#8221; fullwidth_row=&#8221;yes&#8221;][vc_column width=&#8221;1\/2&#8243;][vc_single_image image=&#8221;3834&#8243; img_size=&#8221;650&#215;533&#8243; alignment=&#8221;center&#8221; style=&#8221;vc_box_shadow_3d&#8221;][\/vc_column][vc_column width=&#8221;1\/2&#8243;][vc_column_text][\/vc_column_text][vc_tta_accordion c_icon=&#8221;triangle&#8221; active_section=&#8221;1&#8243; theme_tab=&#8221;yes&#8221;][vc_tta_section title=&#8221;Raporty bezpiecze\u0144stwa produktu kosmetycznego (CPSR)&#8221; tab_id=&#8221;1454790086238-24c7f129-27ed&#8221;][vc_column_text]Nasi specjali\u015bci opracuj\u0105 dla Pa\u0144stwa raporty i pomog\u0105 w skompletowaniu..<\/p>\n","protected":false},"author":1,"featured_media":0,"parent":0,"menu_order":0,"comment_status":"open","ping_status":"open","template":"template-full.php","meta":{"footnotes":""},"yoast_head":"<!-- This site is optimized with the Yoast SEO plugin v22.2 - https:\/\/yoast.com\/wordpress\/plugins\/seo\/ -->\n<title>Home - Invanto.pl<\/title>\n<meta name=\"robots\" content=\"index, follow, max-snippet:-1, max-image-preview:large, max-video-preview:-1\" \/>\n<link rel=\"canonical\" href=\"https:\/\/invanto.pl\/\" \/>\n<meta property=\"og:locale\" content=\"pl_PL\" \/>\n<meta property=\"og:type\" content=\"article\" \/>\n<meta property=\"og:title\" content=\"Home - Invanto.pl\" \/>\n<meta property=\"og:description\" content=\"[vc_row fullwidth_row=&#8221;yes&#8221;][vc_column][rev_slider_vc alias=&#8221;home-biz&#8221;][\/vc_column][\/vc_row][vc_row gap=&#8221;30&#8243; css=&#8221;.vc_custom_1454823233366{padding-top: 40px !important;padding-bottom: 15px !important;}&#8221;][vc_column][vc_column_text] Zapraszamy do wsp\u00f3\u0142pracy! [\/vc_column_text][vc_row_inner][vc_column_inner width=&#8221;1\/3&#8243;][\/vc_column_inner][vc_column_inner width=&#8221;1\/3&#8243;][\/vc_column_inner][vc_column_inner width=&#8221;1\/3&#8243;][\/vc_column_inner][\/vc_row_inner][vc_column_text css=&#8221;.vc_custom_1585688754435{margin-top: 40px !important;}&#8221;] [\/vc_column_text][\/vc_column][\/vc_row][vc_row full_width=&#8221;stretch_row&#8221; gap=&#8221;30&#8243; content_placement=&#8221;top&#8221; css=&#8221;.vc_custom_1585694148619{padding-top: 15px !important;padding-bottom: 15px !important;background-color: #f4f4f4 !important;}&#8221; fullwidth_row=&#8221;yes&#8221;][vc_column width=&#8221;1\/2&#8243;][vc_single_image image=&#8221;3834&#8243; img_size=&#8221;650&#215;533&#8243; alignment=&#8221;center&#8221; style=&#8221;vc_box_shadow_3d&#8221;][\/vc_column][vc_column width=&#8221;1\/2&#8243;][vc_column_text][\/vc_column_text][vc_tta_accordion c_icon=&#8221;triangle&#8221; active_section=&#8221;1&#8243; theme_tab=&#8221;yes&#8221;][vc_tta_section title=&#8221;Raporty bezpiecze\u0144stwa produktu kosmetycznego (CPSR)&#8221; tab_id=&#8221;1454790086238-24c7f129-27ed&#8221;][vc_column_text]Nasi specjali\u015bci opracuj\u0105 dla Pa\u0144stwa raporty i pomog\u0105 w skompletowaniu..\" \/>\n<meta property=\"og:url\" content=\"https:\/\/invanto.pl\/\" \/>\n<meta property=\"og:site_name\" content=\"Invanto.pl\" \/>\n<meta property=\"article:modified_time\" content=\"2020-03-31T22:38:40+00:00\" \/>\n<meta name=\"twitter:card\" content=\"summary_large_image\" \/>\n<meta name=\"twitter:label1\" content=\"Szacowany czas czytania\" \/>\n\t<meta name=\"twitter:data1\" content=\"4 minuty\" \/>\n<script type=\"application\/ld+json\" class=\"yoast-schema-graph\">{\"@context\":\"https:\/\/schema.org\",\"@graph\":[{\"@type\":\"WebPage\",\"@id\":\"https:\/\/invanto.pl\/\",\"url\":\"https:\/\/invanto.pl\/\",\"name\":\"Home - Invanto.pl\",\"isPartOf\":{\"@id\":\"https:\/\/invanto.pl\/#website\"},\"datePublished\":\"2014-07-12T14:43:55+00:00\",\"dateModified\":\"2020-03-31T22:38:40+00:00\",\"breadcrumb\":{\"@id\":\"https:\/\/invanto.pl\/#breadcrumb\"},\"inLanguage\":\"pl-PL\",\"potentialAction\":[{\"@type\":\"ReadAction\",\"target\":[\"https:\/\/invanto.pl\/\"]}]},{\"@type\":\"BreadcrumbList\",\"@id\":\"https:\/\/invanto.pl\/#breadcrumb\",\"itemListElement\":[{\"@type\":\"ListItem\",\"position\":1,\"name\":\"Strona g\u0142\u00f3wna\",\"item\":\"https:\/\/invanto.pl\/\"},{\"@type\":\"ListItem\",\"position\":2,\"name\":\"Home\"}]},{\"@type\":\"WebSite\",\"@id\":\"https:\/\/invanto.pl\/#website\",\"url\":\"https:\/\/invanto.pl\/\",\"name\":\"Invanto.pl\",\"description\":\"Laboratorium Invanto Sp. z o.o.\",\"potentialAction\":[{\"@type\":\"SearchAction\",\"target\":{\"@type\":\"EntryPoint\",\"urlTemplate\":\"https:\/\/invanto.pl\/?s={search_term_string}\"},\"query-input\":\"required name=search_term_string\"}],\"inLanguage\":\"pl-PL\"}]}<\/script>\n<!-- \/ Yoast SEO plugin. -->","yoast_head_json":{"title":"Home - Invanto.pl","robots":{"index":"index","follow":"follow","max-snippet":"max-snippet:-1","max-image-preview":"max-image-preview:large","max-video-preview":"max-video-preview:-1"},"canonical":"https:\/\/invanto.pl\/","og_locale":"pl_PL","og_type":"article","og_title":"Home - Invanto.pl","og_description":"[vc_row fullwidth_row=&#8221;yes&#8221;][vc_column][rev_slider_vc alias=&#8221;home-biz&#8221;][\/vc_column][\/vc_row][vc_row gap=&#8221;30&#8243; css=&#8221;.vc_custom_1454823233366{padding-top: 40px !important;padding-bottom: 15px !important;}&#8221;][vc_column][vc_column_text] Zapraszamy do wsp\u00f3\u0142pracy! [\/vc_column_text][vc_row_inner][vc_column_inner width=&#8221;1\/3&#8243;][\/vc_column_inner][vc_column_inner width=&#8221;1\/3&#8243;][\/vc_column_inner][vc_column_inner width=&#8221;1\/3&#8243;][\/vc_column_inner][\/vc_row_inner][vc_column_text css=&#8221;.vc_custom_1585688754435{margin-top: 40px !important;}&#8221;] [\/vc_column_text][\/vc_column][\/vc_row][vc_row full_width=&#8221;stretch_row&#8221; gap=&#8221;30&#8243; content_placement=&#8221;top&#8221; css=&#8221;.vc_custom_1585694148619{padding-top: 15px !important;padding-bottom: 15px !important;background-color: #f4f4f4 !important;}&#8221; fullwidth_row=&#8221;yes&#8221;][vc_column width=&#8221;1\/2&#8243;][vc_single_image image=&#8221;3834&#8243; img_size=&#8221;650&#215;533&#8243; alignment=&#8221;center&#8221; style=&#8221;vc_box_shadow_3d&#8221;][\/vc_column][vc_column width=&#8221;1\/2&#8243;][vc_column_text][\/vc_column_text][vc_tta_accordion c_icon=&#8221;triangle&#8221; active_section=&#8221;1&#8243; theme_tab=&#8221;yes&#8221;][vc_tta_section title=&#8221;Raporty bezpiecze\u0144stwa produktu kosmetycznego (CPSR)&#8221; tab_id=&#8221;1454790086238-24c7f129-27ed&#8221;][vc_column_text]Nasi specjali\u015bci opracuj\u0105 dla Pa\u0144stwa raporty i pomog\u0105 w skompletowaniu..","og_url":"https:\/\/invanto.pl\/","og_site_name":"Invanto.pl","article_modified_time":"2020-03-31T22:38:40+00:00","twitter_card":"summary_large_image","twitter_misc":{"Szacowany czas czytania":"4 minuty"},"schema":{"@context":"https:\/\/schema.org","@graph":[{"@type":"WebPage","@id":"https:\/\/invanto.pl\/","url":"https:\/\/invanto.pl\/","name":"Home - Invanto.pl","isPartOf":{"@id":"https:\/\/invanto.pl\/#website"},"datePublished":"2014-07-12T14:43:55+00:00","dateModified":"2020-03-31T22:38:40+00:00","breadcrumb":{"@id":"https:\/\/invanto.pl\/#breadcrumb"},"inLanguage":"pl-PL","potentialAction":[{"@type":"ReadAction","target":["https:\/\/invanto.pl\/"]}]},{"@type":"BreadcrumbList","@id":"https:\/\/invanto.pl\/#breadcrumb","itemListElement":[{"@type":"ListItem","position":1,"name":"Strona g\u0142\u00f3wna","item":"https:\/\/invanto.pl\/"},{"@type":"ListItem","position":2,"name":"Home"}]},{"@type":"WebSite","@id":"https:\/\/invanto.pl\/#website","url":"https:\/\/invanto.pl\/","name":"Invanto.pl","description":"Laboratorium Invanto Sp. z o.o.","potentialAction":[{"@type":"SearchAction","target":{"@type":"EntryPoint","urlTemplate":"https:\/\/invanto.pl\/?s={search_term_string}"},"query-input":"required name=search_term_string"}],"inLanguage":"pl-PL"}]}},"_links":{"self":[{"href":"https:\/\/invanto.pl\/index.php?rest_route=\/wp\/v2\/pages\/544"}],"collection":[{"href":"https:\/\/invanto.pl\/index.php?rest_route=\/wp\/v2\/pages"}],"about":[{"href":"https:\/\/invanto.pl\/index.php?rest_route=\/wp\/v2\/types\/page"}],"author":[{"embeddable":true,"href":"https:\/\/invanto.pl\/index.php?rest_route=\/wp\/v2\/users\/1"}],"replies":[{"embeddable":true,"href":"https:\/\/invanto.pl\/index.php?rest_route=%2Fwp%2Fv2%2Fcomments&post=544"}],"version-history":[{"count":69,"href":"https:\/\/invanto.pl\/index.php?rest_route=\/wp\/v2\/pages\/544\/revisions"}],"predecessor-version":[{"id":3935,"href":"https:\/\/invanto.pl\/index.php?rest_route=\/wp\/v2\/pages\/544\/revisions\/3935"}],"wp:attachment":[{"href":"https:\/\/invanto.pl\/index.php?rest_route=%2Fwp%2Fv2%2Fmedia&parent=544"}],"curies":[{"name":"wp","href":"https:\/\/api.w.org\/{rel}","templated":true}]}}