{"id":21,"date":"2014-07-01T11:54:27","date_gmt":"2014-07-01T06:24:27","guid":{"rendered":"http:\/\/wordpress.tanshcreative.com\/quezal\/?page_id=21"},"modified":"2020-01-06T20:15:28","modified_gmt":"2020-01-06T20:15:28","slug":"contact","status":"publish","type":"page","link":"https:\/\/invanto.pl\/?page_id=21","title":{"rendered":"Dane kontaktowe"},"content":{"rendered":"\t\t<div data-elementor-type=\"wp-post\" data-elementor-id=\"21\" class=\"elementor elementor-21\">\n\t\t\t\t\t\t<section class=\"elementor-section elementor-top-section elementor-element elementor-element-10700cd elementor-section-boxed elementor-section-height-default elementor-section-height-default\" data-id=\"10700cd\" data-element_type=\"section\">\n\t\t\t\t\t\t<div class=\"elementor-container elementor-column-gap-default\">\n\t\t\t\t\t<div class=\"elementor-column elementor-col-100 elementor-top-column elementor-element elementor-element-206a58f4\" data-id=\"206a58f4\" data-element_type=\"column\">\n\t\t\t<div class=\"elementor-widget-wrap elementor-element-populated\">\n\t\t\t\t\t\t<div class=\"elementor-element elementor-element-7316db61 elementor-widget elementor-widget-text-editor\" data-id=\"7316db61\" data-element_type=\"widget\" data-widget_type=\"text-editor.default\">\n\t\t\t\t<div class=\"elementor-widget-container\">\n\t\t\t\t\t\t\t<p>[vc_row gap=&#8221;30&#8243; css=&#8221;.vc_custom_1454831987411{padding-top: 45px !important;padding-bottom: 15px !important;}&#8221;][vc_column width=&#8221;1\/2&#8243;][vc_column_text]<span style=\" font-size: 24px; line-height: 30px;\">Chc\u0105 si\u0119 Pa\u0144stwo z nami skontaktowa\u0107? Zapraszamy do wype\u0142nienia formularza.<\/span>[\/vc_column_text][vc_column_text]\n<div class=\"wpcf7 no-js\" id=\"wpcf7-f5-o1\" lang=\"en-US\" dir=\"ltr\">\n<div class=\"screen-reader-response\"><p role=\"status\" aria-live=\"polite\" aria-atomic=\"true\"><\/p> <ul><\/ul><\/div>\n<form action=\"\/index.php?rest_route=%2Fwp%2Fv2%2Fpages%2F21#wpcf7-f5-o1\" method=\"post\" class=\"wpcf7-form init\" aria-label=\"Contact form\" novalidate=\"novalidate\" data-status=\"init\">\n<div style=\"display: none;\">\n<input type=\"hidden\" name=\"_wpcf7\" value=\"5\" \/>\n<input type=\"hidden\" name=\"_wpcf7_version\" value=\"5.9.2\" \/>\n<input type=\"hidden\" name=\"_wpcf7_locale\" value=\"en_US\" \/>\n<input type=\"hidden\" name=\"_wpcf7_unit_tag\" value=\"wpcf7-f5-o1\" \/>\n<input type=\"hidden\" name=\"_wpcf7_container_post\" value=\"0\" \/>\n<input type=\"hidden\" name=\"_wpcf7_posted_data_hash\" value=\"\" \/>\n<\/div>\n<p>Imi\u0119 i nazwisko (wymagane)\n<\/p>\n<p><span class=\"wpcf7-form-control-wrap\" data-name=\"your-name\"><input size=\"40\" class=\"wpcf7-form-control wpcf7-text wpcf7-validates-as-required\" aria-required=\"true\" aria-invalid=\"false\" value=\"\" type=\"text\" name=\"your-name\" \/><\/span>\n<\/p>\n<p>Tw\u00f3j adres email (wymagane)\n<\/p>\n<p><span class=\"wpcf7-form-control-wrap\" data-name=\"your-email\"><input size=\"40\" class=\"wpcf7-form-control wpcf7-email wpcf7-validates-as-required wpcf7-text wpcf7-validates-as-email\" aria-required=\"true\" aria-invalid=\"false\" value=\"\" type=\"email\" name=\"your-email\" \/><\/span>\n<\/p>\n<p>Temat\n<\/p>\n<p><span class=\"wpcf7-form-control-wrap\" data-name=\"your-subject\"><input size=\"40\" class=\"wpcf7-form-control wpcf7-text\" aria-invalid=\"false\" value=\"\" type=\"text\" name=\"your-subject\" \/><\/span>\n<\/p>\n<p>Twoja wiadomo\u015b\u0107\n<\/p>\n<p><span class=\"wpcf7-form-control-wrap\" data-name=\"your-message\"><textarea cols=\"40\" rows=\"10\" class=\"wpcf7-form-control wpcf7-textarea\" aria-invalid=\"false\" name=\"your-message\"><\/textarea><\/span>\n<\/p>\n<p><input class=\"wpcf7-form-control wpcf7-submit has-spinner\" type=\"submit\" value=\"Wy\u015blij\" \/>\n<\/p><p style=\"display: none !important;\" class=\"akismet-fields-container\" data-prefix=\"_wpcf7_ak_\"><label>&#916;<textarea name=\"_wpcf7_ak_hp_textarea\" cols=\"45\" rows=\"8\" maxlength=\"100\"><\/textarea><\/label><input type=\"hidden\" id=\"ak_js_1\" name=\"_wpcf7_ak_js\" value=\"73\"\/><script>document.getElementById( \"ak_js_1\" ).setAttribute( \"value\", ( new Date() ).getTime() );<\/script><\/p><div class=\"wpcf7-response-output\" aria-hidden=\"true\"><\/div>\n<\/form>\n<\/div>\n[\/vc_column_text][\/vc_column][vc_column width=&#8221;1\/2&#8243;]<div class='feature-icon wpb_custom_element' ><div class='feature-icon-left circle-desc'><div class=\"feature-icon-wrapper-outer feature-circle\" style=\"background-color: #b8b8b8;\"><div class=\"feature-icon-wrapper\"><i class=\"icon-map-pin\"  style=\"color: #ffffff;\"><\/i><\/div><\/div><div class='feature-icon-desc'><\/p><h2>Invanto Sp. z o.o.<\/h2><p>ul. Hodowlana 5<br \/>61-680 Pozna\u0144<br \/>E: biuro@invanto.pl<br \/>T: +48 690 442 891<br \/><\/div><\/div><\/div>[vc_gmaps link=&#8221;https:\/\/www.google.com\/maps\/embed?pb=!1m18!1m12!1m3!1d2430.2079117554235!2d16.905830415276977!3d52.475371147288875!2m3!1f0!2f0!3f0!3m2!1i1024!2i768!4f13.1!3m3!1m2!1s0x4704431db14c8663%3A0x3aaec9c4a5540100!2sHodowlana%205%2C%2061-680%20Pozna%C5%84!5e0!3m2!1spl!2spl!4v1578341678921!5m2!1spl!2spl&#8221; width=&#8221;600&#8243; height=&#8221;450&#8243; frameborder=&#8221;0&#8243; style=&#8221;border:0;&#8221; allowfullscreen=&#8221; size=&#8221;420&#8243; css=&#8221;.vc_custom_1454832044529{padding-top: 40px !important;}&#8221;][vc_column_text css=&#8221;.vc_custom_1454832027357{padding-top: 10px !important;}&#8221;]<\/p><p>[\/vc_column][\/vc_row]<\/p>\t\t\t\t\t\t<\/div>\n\t\t\t\t<\/div>\n\t\t\t\t\t<\/div>\n\t\t<\/div>\n\t\t\t\t\t<\/div>\n\t\t<\/section>\n\t\t\t\t<\/div>\n\t\t","protected":false},"excerpt":{"rendered":"<p>[vc_row gap=&#8221;30&#8243; css=&#8221;.vc_custom_1454831987411{padding-top: 45px !important;padding-bottom: 15px !important;}&#8221;][vc_column width=&#8221;1\/2&#8243;][vc_column_text][\/vc_column_text][vc_column_text][\/vc_column_text][\/vc_column][vc_column width=&#8221;1\/2&#8243;][vc_gmaps link=&#8221;https:\/\/www.google.com\/maps\/embed?pb=!1m18!1m12!1m3!1d2430.2079117554235!2d16.905830415276977!3d52.475371147288875!2m3!1f0!2f0!3f0!3m2!1i1024!2i768!4f13.1!3m3!1m2!1s0x4704431db14c8663%3A0x3aaec9c4a5540100!2sHodowlana%205%2C%2061-680%20Pozna%C5%84!5e0!3m2!1spl!2spl!4v1578341678921!5m2!1spl!2spl&#8221; width=&#8221;600&#8243; height=&#8221;450&#8243; frameborder=&#8221;0&#8243; style=&#8221;border:0;&#8221; allowfullscreen=&#8221; size=&#8221;420&#8243; css=&#8221;.vc_custom_1454832044529{padding-top: 40px !important;}&#8221;][vc_column_text css=&#8221;.vc_custom_1454832027357{padding-top: 10px !important;}&#8221;] [\/vc_column][\/vc_row]<\/p>\n","protected":false},"author":1,"featured_media":0,"parent":0,"menu_order":0,"comment_status":"closed","ping_status":"open","template":"template-full-page-header.php","meta":{"footnotes":""},"yoast_head":"<!-- This site is optimized with the Yoast SEO plugin v22.2 - https:\/\/yoast.com\/wordpress\/plugins\/seo\/ -->\n<title>Dane kontaktowe - Invanto.pl<\/title>\n<meta name=\"robots\" content=\"index, follow, max-snippet:-1, max-image-preview:large, max-video-preview:-1\" \/>\n<link rel=\"canonical\" href=\"https:\/\/invanto.pl\/?page_id=21\" \/>\n<meta property=\"og:locale\" content=\"pl_PL\" \/>\n<meta property=\"og:type\" content=\"article\" \/>\n<meta property=\"og:title\" content=\"Dane kontaktowe - Invanto.pl\" \/>\n<meta property=\"og:description\" content=\"[vc_row gap=&#8221;30&#8243; css=&#8221;.vc_custom_1454831987411{padding-top: 45px !important;padding-bottom: 15px !important;}&#8221;][vc_column width=&#8221;1\/2&#8243;][vc_column_text][\/vc_column_text][vc_column_text][\/vc_column_text][\/vc_column][vc_column width=&#8221;1\/2&#8243;][vc_gmaps link=&#8221;https:\/\/www.google.com\/maps\/embed?pb=!1m18!1m12!1m3!1d2430.2079117554235!2d16.905830415276977!3d52.475371147288875!2m3!1f0!2f0!3f0!3m2!1i1024!2i768!4f13.1!3m3!1m2!1s0x4704431db14c8663%3A0x3aaec9c4a5540100!2sHodowlana%205%2C%2061-680%20Pozna%C5%84!5e0!3m2!1spl!2spl!4v1578341678921!5m2!1spl!2spl&#8221; width=&#8221;600&#8243; height=&#8221;450&#8243; frameborder=&#8221;0&#8243; style=&#8221;border:0;&#8221; allowfullscreen=&#8221; size=&#8221;420&#8243; css=&#8221;.vc_custom_1454832044529{padding-top: 40px !important;}&#8221;][vc_column_text css=&#8221;.vc_custom_1454832027357{padding-top: 10px !important;}&#8221;] [\/vc_column][\/vc_row]\" \/>\n<meta property=\"og:url\" content=\"https:\/\/invanto.pl\/?page_id=21\" \/>\n<meta property=\"og:site_name\" content=\"Invanto.pl\" \/>\n<meta property=\"article:modified_time\" content=\"2020-01-06T20:15:28+00:00\" \/>\n<meta name=\"twitter:card\" content=\"summary_large_image\" \/>\n<meta name=\"twitter:label1\" content=\"Szacowany czas czytania\" \/>\n\t<meta name=\"twitter:data1\" content=\"1 minuta\" \/>\n<script type=\"application\/ld+json\" class=\"yoast-schema-graph\">{\"@context\":\"https:\/\/schema.org\",\"@graph\":[{\"@type\":\"WebPage\",\"@id\":\"https:\/\/invanto.pl\/?page_id=21\",\"url\":\"https:\/\/invanto.pl\/?page_id=21\",\"name\":\"Dane kontaktowe - Invanto.pl\",\"isPartOf\":{\"@id\":\"https:\/\/invanto.pl\/#website\"},\"datePublished\":\"2014-07-01T06:24:27+00:00\",\"dateModified\":\"2020-01-06T20:15:28+00:00\",\"breadcrumb\":{\"@id\":\"https:\/\/invanto.pl\/?page_id=21#breadcrumb\"},\"inLanguage\":\"pl-PL\",\"potentialAction\":[{\"@type\":\"ReadAction\",\"target\":[\"https:\/\/invanto.pl\/?page_id=21\"]}]},{\"@type\":\"BreadcrumbList\",\"@id\":\"https:\/\/invanto.pl\/?page_id=21#breadcrumb\",\"itemListElement\":[{\"@type\":\"ListItem\",\"position\":1,\"name\":\"Strona g\u0142\u00f3wna\",\"item\":\"https:\/\/invanto.pl\/\"},{\"@type\":\"ListItem\",\"position\":2,\"name\":\"Dane kontaktowe\"}]},{\"@type\":\"WebSite\",\"@id\":\"https:\/\/invanto.pl\/#website\",\"url\":\"https:\/\/invanto.pl\/\",\"name\":\"Invanto.pl\",\"description\":\"Laboratorium Invanto Sp. z o.o.\",\"potentialAction\":[{\"@type\":\"SearchAction\",\"target\":{\"@type\":\"EntryPoint\",\"urlTemplate\":\"https:\/\/invanto.pl\/?s={search_term_string}\"},\"query-input\":\"required name=search_term_string\"}],\"inLanguage\":\"pl-PL\"}]}<\/script>\n<!-- \/ Yoast SEO plugin. -->","yoast_head_json":{"title":"Dane kontaktowe - Invanto.pl","robots":{"index":"index","follow":"follow","max-snippet":"max-snippet:-1","max-image-preview":"max-image-preview:large","max-video-preview":"max-video-preview:-1"},"canonical":"https:\/\/invanto.pl\/?page_id=21","og_locale":"pl_PL","og_type":"article","og_title":"Dane kontaktowe - Invanto.pl","og_description":"[vc_row gap=&#8221;30&#8243; css=&#8221;.vc_custom_1454831987411{padding-top: 45px !important;padding-bottom: 15px !important;}&#8221;][vc_column width=&#8221;1\/2&#8243;][vc_column_text][\/vc_column_text][vc_column_text][\/vc_column_text][\/vc_column][vc_column width=&#8221;1\/2&#8243;][vc_gmaps link=&#8221;https:\/\/www.google.com\/maps\/embed?pb=!1m18!1m12!1m3!1d2430.2079117554235!2d16.905830415276977!3d52.475371147288875!2m3!1f0!2f0!3f0!3m2!1i1024!2i768!4f13.1!3m3!1m2!1s0x4704431db14c8663%3A0x3aaec9c4a5540100!2sHodowlana%205%2C%2061-680%20Pozna%C5%84!5e0!3m2!1spl!2spl!4v1578341678921!5m2!1spl!2spl&#8221; width=&#8221;600&#8243; height=&#8221;450&#8243; frameborder=&#8221;0&#8243; style=&#8221;border:0;&#8221; allowfullscreen=&#8221; size=&#8221;420&#8243; css=&#8221;.vc_custom_1454832044529{padding-top: 40px !important;}&#8221;][vc_column_text css=&#8221;.vc_custom_1454832027357{padding-top: 10px !important;}&#8221;] [\/vc_column][\/vc_row]","og_url":"https:\/\/invanto.pl\/?page_id=21","og_site_name":"Invanto.pl","article_modified_time":"2020-01-06T20:15:28+00:00","twitter_card":"summary_large_image","twitter_misc":{"Szacowany czas czytania":"1 minuta"},"schema":{"@context":"https:\/\/schema.org","@graph":[{"@type":"WebPage","@id":"https:\/\/invanto.pl\/?page_id=21","url":"https:\/\/invanto.pl\/?page_id=21","name":"Dane kontaktowe - Invanto.pl","isPartOf":{"@id":"https:\/\/invanto.pl\/#website"},"datePublished":"2014-07-01T06:24:27+00:00","dateModified":"2020-01-06T20:15:28+00:00","breadcrumb":{"@id":"https:\/\/invanto.pl\/?page_id=21#breadcrumb"},"inLanguage":"pl-PL","potentialAction":[{"@type":"ReadAction","target":["https:\/\/invanto.pl\/?page_id=21"]}]},{"@type":"BreadcrumbList","@id":"https:\/\/invanto.pl\/?page_id=21#breadcrumb","itemListElement":[{"@type":"ListItem","position":1,"name":"Strona g\u0142\u00f3wna","item":"https:\/\/invanto.pl\/"},{"@type":"ListItem","position":2,"name":"Dane kontaktowe"}]},{"@type":"WebSite","@id":"https:\/\/invanto.pl\/#website","url":"https:\/\/invanto.pl\/","name":"Invanto.pl","description":"Laboratorium Invanto Sp. z o.o.","potentialAction":[{"@type":"SearchAction","target":{"@type":"EntryPoint","urlTemplate":"https:\/\/invanto.pl\/?s={search_term_string}"},"query-input":"required name=search_term_string"}],"inLanguage":"pl-PL"}]}},"_links":{"self":[{"href":"https:\/\/invanto.pl\/index.php?rest_route=\/wp\/v2\/pages\/21"}],"collection":[{"href":"https:\/\/invanto.pl\/index.php?rest_route=\/wp\/v2\/pages"}],"about":[{"href":"https:\/\/invanto.pl\/index.php?rest_route=\/wp\/v2\/types\/page"}],"author":[{"embeddable":true,"href":"https:\/\/invanto.pl\/index.php?rest_route=\/wp\/v2\/users\/1"}],"replies":[{"embeddable":true,"href":"https:\/\/invanto.pl\/index.php?rest_route=%2Fwp%2Fv2%2Fcomments&post=21"}],"version-history":[{"count":33,"href":"https:\/\/invanto.pl\/index.php?rest_route=\/wp\/v2\/pages\/21\/revisions"}],"predecessor-version":[{"id":3901,"href":"https:\/\/invanto.pl\/index.php?rest_route=\/wp\/v2\/pages\/21\/revisions\/3901"}],"wp:attachment":[{"href":"https:\/\/invanto.pl\/index.php?rest_route=%2Fwp%2Fv2%2Fmedia&parent=21"}],"curies":[{"name":"wp","href":"https:\/\/api.w.org\/{rel}","templated":true}]}}